{"id":275,"date":"2021-02-07T22:32:39","date_gmt":"2021-02-07T22:32:39","guid":{"rendered":"http:\/\/filtros-paraagua.com.ar\/?page_id=275"},"modified":"2023-08-03T15:34:07","modified_gmt":"2023-08-03T15:34:07","slug":"asistencia-docente","status":"publish","type":"page","link":"https:\/\/filtros-paraagua.com.ar\/index.php\/asistencia-docente\/","title":{"rendered":"Asistencia docente"},"content":{"rendered":"<p><img width=\"675\" height=\"325\" src=\"http:\/\/filtros-paraagua.com.ar\/wp-content\/uploads\/2021\/02\/Agua-Potable-3.png\" alt=\"\" decoding=\"async\" loading=\"lazy\" srcset=\"https:\/\/filtros-paraagua.com.ar\/wp-content\/uploads\/2021\/02\/Agua-Potable-3.png 675w, https:\/\/filtros-paraagua.com.ar\/wp-content\/uploads\/2021\/02\/Agua-Potable-3-300x144.png 300w\" sizes=\"auto, (max-width: 675px) 100vw, 675px\" \/>\t\t\t\t\t\t\t\t\t\t\t<\/p>\n<p>Asistencia Docente para la Ense\u00f1anza de la T\u00e9cnica de Construcci\u00f3n de Filtros descontaminantes de Agua. Demostraciones pr\u00e1cticas, consultas.<br \/>Docentes Cristina Aguirre y Hugo Salinas.<\/p>\n<p>P\u00e1ginas consultadas<br \/>www.oni.escuelas.edu.ar<br \/>www.aidis.Argentina<br \/>www.lenntech.com<\/p>\n<p>www.quilmespresente.com (60% de las aguas de mesa no cumple con normativas)<br \/>http:\/\/www.bvsde.paho.org\/bvstox\/e\/fulltext\/hacre1.pdf (hidroarsenisismo)<\/p>\n<p>Hidroasenicismo HACRE regional end\u00e9mico. Necesidad de prevenir el riesgo de la acci\u00f3n de agentes cancer\u00edgenos ambientales. Dr. Santiago Bessuschio<br \/>Bibliograf\u00eda general sobre Normas de Calidad del agua potable. \u00abRemar\u00bb, Bs As.<\/p>\n<h2>CONTACTANOS<\/h2>\n<ul>\n<li>\n\t\t\t\t\t\t\t\t\t\t (011) 4451-0497\n\t\t\t\t\t\t\t\t\t<\/li>\n<li>\n\t\t\t\t\t<a href=\"https:\/\/wa.link\/t2umer\"><br \/>\n\t\t\t\t\t\t\t\t\t\t+549 11 3078 3330<br \/>\n\t\t\t\t\t\t\t\t\t\t\t<\/a>\n\t\t\t\t\t\t\t\t\t<\/li>\n<li>\n\t\t\t\t\t<a href=\"http:\/\/info@filtros-paraagua.com.ar\"><br \/>\n\t\t\t\t\t\t\t\t\t\tinfo@filtros-paraagua.com.ar<br \/>\n\t\t\t\t\t\t\t\t\t\t\t<\/a>\n\t\t\t\t\t\t\t\t\t<\/li>\n<li>\n\t\t\t\t\t<a href=\"http:\/\/info@filtros-paraagua.com.ar\"><br \/>\n\t\t\t\t\t\t\t\t\t\tAv. Balb\u00edn 2600 a 1 cuadra de Av.Gaspar Campos  Ecomuseo Ninsei San Miguel, Buenos Aires &#8211; Argentina<br \/>\n\t\t\t\t\t\t\t\t\t\t\t<\/a>\n\t\t\t\t\t\t\t\t\t<\/li>\n<\/ul>\n<h2>Envianos tu consulta <\/h2>\n<p>\t\t\t<iframe frameborder=\"0\" scrolling=\"no\" marginheight=\"0\" marginwidth=\"0\" src=\"https:\/\/maps.google.com\/maps?q=Av.%20Balb%C3%ADn%202600%20san%20miguel&amp;t=m&amp;z=13&amp;output=embed&amp;iwloc=near\" title=\"Av. Balb\u00edn 2600 san miguel\" aria-label=\"Av. Balb\u00edn 2600 san miguel\"><\/iframe><\/p>\n","protected":false},"excerpt":{"rendered":"<p>Asistencia Docente para la Ense\u00f1anza de la T\u00e9cnica de Construcci\u00f3n de Filtros descontaminantes de Agua. Demostraciones pr\u00e1cticas, consultas.Docentes Cristina Aguirre y Hugo Salinas. P\u00e1ginas consultadaswww.oni.escuelas.edu.arwww.aidis.Argentinawww.lenntech.com www.quilmespresente.com (60% de las aguas de mesa no cumple con normativas)http:\/\/www.bvsde.paho.org\/bvstox\/e\/fulltext\/hacre1.pdf (hidroarsenisismo) Hidroasenicismo HACRE regional end\u00e9mico. Necesidad de prevenir el riesgo de la acci\u00f3n de agentes cancer\u00edgenos ambientales. Dr. Santiago [&hellip;]<\/p>\n","protected":false},"author":1,"featured_media":0,"parent":0,"menu_order":0,"comment_status":"closed","ping_status":"closed","template":"","meta":{"site-sidebar-layout":"no-sidebar","site-content-layout":"page-builder","ast-site-content-layout":"default","site-content-style":"default","site-sidebar-style":"default","ast-global-header-display":"","ast-banner-title-visibility":"","ast-main-header-display":"","ast-hfb-above-header-display":"","ast-hfb-below-header-display":"","ast-hfb-mobile-header-display":"","site-post-title":"disabled","ast-breadcrumbs-content":"","ast-featured-img":"disabled","footer-sml-layout":"disabled","ast-disable-related-posts":"","theme-transparent-header-meta":"default","adv-header-id-meta":"","stick-header-meta":"","header-above-stick-meta":"","header-main-stick-meta":"","header-below-stick-meta":"","astra-migrate-meta-layouts":"default","ast-page-background-enabled":"default","ast-page-background-meta":{"desktop":{"background-color":"var(--ast-global-color-4)","background-image":"","background-repeat":"repeat","background-position":"center center","background-size":"auto","background-attachment":"scroll","background-type":"","background-media":"","overlay-type":"","overlay-color":"","overlay-opacity":"","overlay-gradient":""},"tablet":{"background-color":"","background-image":"","background-repeat":"repeat","background-position":"center center","background-size":"auto","background-attachment":"scroll","background-type":"","background-media":"","overlay-type":"","overlay-color":"","overlay-opacity":"","overlay-gradient":""},"mobile":{"background-color":"","background-image":"","background-repeat":"repeat","background-position":"center center","background-size":"auto","background-attachment":"scroll","background-type":"","background-media":"","overlay-type":"","overlay-color":"","overlay-opacity":"","overlay-gradient":""}},"ast-content-background-meta":{"desktop":{"background-color":"var(--ast-global-color-5)","background-image":"","background-repeat":"repeat","background-position":"center center","background-size":"auto","background-attachment":"scroll","background-type":"","background-media":"","overlay-type":"","overlay-color":"","overlay-opacity":"","overlay-gradient":""},"tablet":{"background-color":"var(--ast-global-color-5)","background-image":"","background-repeat":"repeat","background-position":"center center","background-size":"auto","background-attachment":"scroll","background-type":"","background-media":"","overlay-type":"","overlay-color":"","overlay-opacity":"","overlay-gradient":""},"mobile":{"background-color":"var(--ast-global-color-5)","background-image":"","background-repeat":"repeat","background-position":"center center","background-size":"auto","background-attachment":"scroll","background-type":"","background-media":"","overlay-type":"","overlay-color":"","overlay-opacity":"","overlay-gradient":""}},"_joinchat":[],"footnotes":""},"class_list":["post-275","page","type-page","status-publish","hentry"],"_links":{"self":[{"href":"https:\/\/filtros-paraagua.com.ar\/index.php\/wp-json\/wp\/v2\/pages\/275","targetHints":{"allow":["GET"]}}],"collection":[{"href":"https:\/\/filtros-paraagua.com.ar\/index.php\/wp-json\/wp\/v2\/pages"}],"about":[{"href":"https:\/\/filtros-paraagua.com.ar\/index.php\/wp-json\/wp\/v2\/types\/page"}],"author":[{"embeddable":true,"href":"https:\/\/filtros-paraagua.com.ar\/index.php\/wp-json\/wp\/v2\/users\/1"}],"replies":[{"embeddable":true,"href":"https:\/\/filtros-paraagua.com.ar\/index.php\/wp-json\/wp\/v2\/comments?post=275"}],"version-history":[{"count":20,"href":"https:\/\/filtros-paraagua.com.ar\/index.php\/wp-json\/wp\/v2\/pages\/275\/revisions"}],"predecessor-version":[{"id":450,"href":"https:\/\/filtros-paraagua.com.ar\/index.php\/wp-json\/wp\/v2\/pages\/275\/revisions\/450"}],"wp:attachment":[{"href":"https:\/\/filtros-paraagua.com.ar\/index.php\/wp-json\/wp\/v2\/media?parent=275"}],"curies":[{"name":"wp","href":"https:\/\/api.w.org\/{rel}","templated":true}]}}