{"id":262,"date":"2021-02-07T22:25:16","date_gmt":"2021-02-07T22:25:16","guid":{"rendered":"http:\/\/filtros-paraagua.com.ar\/?page_id=262"},"modified":"2023-08-03T15:33:19","modified_gmt":"2023-08-03T15:33:19","slug":"agua-y-enfermedades","status":"publish","type":"page","link":"https:\/\/filtros-paraagua.com.ar\/index.php\/agua-y-enfermedades\/","title":{"rendered":"Agua y enfermedades"},"content":{"rendered":"<p><img width=\"675\" height=\"325\" src=\"http:\/\/filtros-paraagua.com.ar\/wp-content\/uploads\/2021\/02\/Agua-Potable-1-1.png\" alt=\"\" decoding=\"async\" loading=\"lazy\" srcset=\"https:\/\/filtros-paraagua.com.ar\/wp-content\/uploads\/2021\/02\/Agua-Potable-1-1.png 675w, https:\/\/filtros-paraagua.com.ar\/wp-content\/uploads\/2021\/02\/Agua-Potable-1-1-300x144.png 300w\" sizes=\"auto, (max-width: 675px) 100vw, 675px\" \/>\t\t\t\t\t\t\t\t\t\t\t<\/p>\n<h2>Enfermedades relacionadas con el agua:<\/h2>\n<p>\u00a0<\/p>\n<p>Referencia: Organizaci\u00f3n Mundial de la Salud (OMS)<br \/>&#8211; Anemia<br \/>&#8211; Hepatitis A<br \/>&#8211; Arsenicosis -hidroarsenisismo &#8211; Ars\u00e9nico en el agua<br \/>&#8211; Poliparasitosis intestinales<\/p>\n<p>&#8211; Hidrofluorosis<br \/>&#8211; Ascariasis<br \/>&#8211; Diarreas<br \/>&#8211; Enfermedades gastrointestinales.<\/p>\n<p>&#8211; C\u00f3lera<br \/>&#8211; Campilobacteriasis<br \/>&#8211; Intoxicaci\u00f3n por plomo<br \/>&#8211; Leptospirosis<\/p>\n<p>&#8211; Malaria V\u00e9ase tambi\u00e9n: Actividades de la OMS sobre la malaria<br \/>&#8211; Malnutrici\u00f3n (Base de datos global sobre el crecimiento de ni\u00f1os y la malnutrici\u00f3n<\/p>\n<p>&#8211; Metahemoglebemia<br \/>&#8211; Diarrea<br \/>&#8211; Criptosporidiosis<\/p>\n<h2>CONTACTANOS<\/h2>\n<ul>\n<li>\n\t\t\t\t\t\t\t\t\t\t (011) 4451-0497\n\t\t\t\t\t\t\t\t\t<\/li>\n<li>\n\t\t\t\t\t<a href=\"https:\/\/wa.link\/t2umer\"><br \/>\n\t\t\t\t\t\t\t\t\t\t+549 11 3078 3330<br \/>\n\t\t\t\t\t\t\t\t\t\t\t<\/a>\n\t\t\t\t\t\t\t\t\t<\/li>\n<li>\n\t\t\t\t\t<a href=\"http:\/\/info@filtros-paraagua.com.ar\"><br \/>\n\t\t\t\t\t\t\t\t\t\tinfo@filtros-paraagua.com.ar<br \/>\n\t\t\t\t\t\t\t\t\t\t\t<\/a>\n\t\t\t\t\t\t\t\t\t<\/li>\n<li>\n\t\t\t\t\t<a href=\"http:\/\/info@filtros-paraagua.com.ar\"><br \/>\n\t\t\t\t\t\t\t\t\t\tAv. Balb\u00edn 2600 a 1 cuadra de Av.Gaspar Campos  Ecomuseo Ninsei San Miguel, Buenos Aires &#8211; Argentina<br \/>\n\t\t\t\t\t\t\t\t\t\t\t<\/a>\n\t\t\t\t\t\t\t\t\t<\/li>\n<\/ul>\n<h2>Envianos tu consulta <\/h2>\n<p>\t\t\t<iframe frameborder=\"0\" scrolling=\"no\" marginheight=\"0\" marginwidth=\"0\" src=\"https:\/\/maps.google.com\/maps?q=Av.%20Balb%C3%ADn%202600%20san%20miguel&amp;t=m&amp;z=13&amp;output=embed&amp;iwloc=near\" title=\"Av. Balb\u00edn 2600 san miguel\" aria-label=\"Av. Balb\u00edn 2600 san miguel\"><\/iframe><\/p>\n","protected":false},"excerpt":{"rendered":"<p>Enfermedades relacionadas con el agua: \u00a0 Referencia: Organizaci\u00f3n Mundial de la Salud (OMS)&#8211; Anemia&#8211; Hepatitis A&#8211; Arsenicosis -hidroarsenisismo &#8211; Ars\u00e9nico en el agua&#8211; Poliparasitosis intestinales &#8211; Hidrofluorosis&#8211; Ascariasis&#8211; Diarreas&#8211; Enfermedades gastrointestinales. &#8211; C\u00f3lera&#8211; Campilobacteriasis&#8211; Intoxicaci\u00f3n por plomo&#8211; Leptospirosis &#8211; Malaria V\u00e9ase tambi\u00e9n: Actividades de la OMS sobre la malaria&#8211; Malnutrici\u00f3n (Base de datos global sobre [&hellip;]<\/p>\n","protected":false},"author":1,"featured_media":0,"parent":0,"menu_order":0,"comment_status":"closed","ping_status":"closed","template":"","meta":{"site-sidebar-layout":"no-sidebar","site-content-layout":"page-builder","ast-site-content-layout":"default","site-content-style":"default","site-sidebar-style":"default","ast-global-header-display":"","ast-banner-title-visibility":"","ast-main-header-display":"","ast-hfb-above-header-display":"","ast-hfb-below-header-display":"","ast-hfb-mobile-header-display":"","site-post-title":"disabled","ast-breadcrumbs-content":"","ast-featured-img":"disabled","footer-sml-layout":"disabled","ast-disable-related-posts":"","theme-transparent-header-meta":"default","adv-header-id-meta":"","stick-header-meta":"","header-above-stick-meta":"","header-main-stick-meta":"","header-below-stick-meta":"","astra-migrate-meta-layouts":"default","ast-page-background-enabled":"default","ast-page-background-meta":{"desktop":{"background-color":"var(--ast-global-color-4)","background-image":"","background-repeat":"repeat","background-position":"center center","background-size":"auto","background-attachment":"scroll","background-type":"","background-media":"","overlay-type":"","overlay-color":"","overlay-opacity":"","overlay-gradient":""},"tablet":{"background-color":"","background-image":"","background-repeat":"repeat","background-position":"center center","background-size":"auto","background-attachment":"scroll","background-type":"","background-media":"","overlay-type":"","overlay-color":"","overlay-opacity":"","overlay-gradient":""},"mobile":{"background-color":"","background-image":"","background-repeat":"repeat","background-position":"center center","background-size":"auto","background-attachment":"scroll","background-type":"","background-media":"","overlay-type":"","overlay-color":"","overlay-opacity":"","overlay-gradient":""}},"ast-content-background-meta":{"desktop":{"background-color":"var(--ast-global-color-5)","background-image":"","background-repeat":"repeat","background-position":"center center","background-size":"auto","background-attachment":"scroll","background-type":"","background-media":"","overlay-type":"","overlay-color":"","overlay-opacity":"","overlay-gradient":""},"tablet":{"background-color":"var(--ast-global-color-5)","background-image":"","background-repeat":"repeat","background-position":"center center","background-size":"auto","background-attachment":"scroll","background-type":"","background-media":"","overlay-type":"","overlay-color":"","overlay-opacity":"","overlay-gradient":""},"mobile":{"background-color":"var(--ast-global-color-5)","background-image":"","background-repeat":"repeat","background-position":"center center","background-size":"auto","background-attachment":"scroll","background-type":"","background-media":"","overlay-type":"","overlay-color":"","overlay-opacity":"","overlay-gradient":""}},"_joinchat":[],"footnotes":""},"class_list":["post-262","page","type-page","status-publish","hentry"],"_links":{"self":[{"href":"https:\/\/filtros-paraagua.com.ar\/index.php\/wp-json\/wp\/v2\/pages\/262","targetHints":{"allow":["GET"]}}],"collection":[{"href":"https:\/\/filtros-paraagua.com.ar\/index.php\/wp-json\/wp\/v2\/pages"}],"about":[{"href":"https:\/\/filtros-paraagua.com.ar\/index.php\/wp-json\/wp\/v2\/types\/page"}],"author":[{"embeddable":true,"href":"https:\/\/filtros-paraagua.com.ar\/index.php\/wp-json\/wp\/v2\/users\/1"}],"replies":[{"embeddable":true,"href":"https:\/\/filtros-paraagua.com.ar\/index.php\/wp-json\/wp\/v2\/comments?post=262"}],"version-history":[{"count":20,"href":"https:\/\/filtros-paraagua.com.ar\/index.php\/wp-json\/wp\/v2\/pages\/262\/revisions"}],"predecessor-version":[{"id":446,"href":"https:\/\/filtros-paraagua.com.ar\/index.php\/wp-json\/wp\/v2\/pages\/262\/revisions\/446"}],"wp:attachment":[{"href":"https:\/\/filtros-paraagua.com.ar\/index.php\/wp-json\/wp\/v2\/media?parent=262"}],"curies":[{"name":"wp","href":"https:\/\/api.w.org\/{rel}","templated":true}]}}