{"id":256,"date":"2021-02-07T22:20:00","date_gmt":"2021-02-07T22:20:00","guid":{"rendered":"http:\/\/filtros-paraagua.com.ar\/?page_id=256"},"modified":"2023-08-03T15:32:29","modified_gmt":"2023-08-03T15:32:29","slug":"agua-y-arsenico","status":"publish","type":"page","link":"https:\/\/filtros-paraagua.com.ar\/index.php\/agua-y-arsenico\/","title":{"rendered":"Agua y Ars\u00e9nico"},"content":{"rendered":"<p><img width=\"675\" height=\"325\" src=\"http:\/\/filtros-paraagua.com.ar\/wp-content\/uploads\/2021\/02\/Agua-Potable-2.png\" alt=\"\" decoding=\"async\" loading=\"lazy\" srcset=\"https:\/\/filtros-paraagua.com.ar\/wp-content\/uploads\/2021\/02\/Agua-Potable-2.png 675w, https:\/\/filtros-paraagua.com.ar\/wp-content\/uploads\/2021\/02\/Agua-Potable-2-300x144.png 300w\" sizes=\"auto, (max-width: 675px) 100vw, 675px\" \/>\t\t\t\t\t\t\t\t\t\t\t<\/p>\n<h2>Agua y Ars\u00e9nico<\/h2>\n<p>La Argentina es uno de los pa\u00edses m\u00e1s afectados por el hidroarsenicismo; lentamente se acumula en el organismo provocando graves perjuicios a la salud.<\/p>\n<p>Nuestro pa\u00eds es\u00a0uno de los m\u00e1s afectados\u00a0por este tipo de contaminaci\u00f3n, evaluado por estad\u00edsticas internacionales (OMS). Provocando enfermedades varias, de exterma gravedad.<\/p>\n<p>Las provincias m\u00e1s expuestas al consumo de agua contaminada son C\u00f3rdoba (principalmente en el \u00e1rea de llanura pampeana: R\u00edo Cuarto, Belle Ville, Marcos Ju\u00e1rez y San Francisco), Santa Fe (Venado Tuerto), Chaco, Santiago del Estero, San Luis, La Pampa, y Buenos Aires,<\/p>\n<p>En nuestro pa\u00eds existen \u00e1reas extensas de aguas contaminadas con cifras de ars\u00e9nico muy por encima de los m\u00e1ximos de potabilidad aceptados, que ponen en riesgo a las poblaciones residentes de varias provincias argentinas.<\/p>\n<p>La cifras de ars\u00e9nico admitidas como l\u00edmite m\u00e1ximo es de 0,01 mg\/litro. Este n\u00famero es superado, llegando en algunos casos a 0,80 mg\/l y 0,120 mg\/l.<br \/>El Dr. Santiago Besuschio, profesor titular del departamento de Patolog\u00eda de la Universidad de Buenos Aires y ex jefe de Patolog\u00eda de los hospitales Fern\u00e1ndez y Penna, se\u00f1ala: \u00abLa acci\u00f3n del ars\u00e9nico introducido en el organismo, en muy peque\u00f1as cantidades, durante a\u00f1os alcanza a todo el organismo, principalmente a la piel, donde ha sido posible la identificaci\u00f3n histoqu\u00edmica de ars\u00e9nico<\/p>\n<p>Dr. Besuschio se\u00f1ala: \u00abHoy en d\u00eda, en el estado de pobreza en que se encuentran las provincias, la gente se preocupa por comer todos los d\u00edas; es ut\u00f3pico pensar que se van a preocupar por potabilizar el Agua. La figura del Estado deber\u00eda hacerse cargo de que la poblaci\u00f3n consuma agua en condiciones \u00f3ptimas, agua que no enferme. -concluye el Dr. Besuschio-.<\/p>\n<h2>CONTACTANOS<\/h2>\n<ul>\n<li>\n\t\t\t\t\t\t\t\t\t\t (011) 4451-0497\n\t\t\t\t\t\t\t\t\t<\/li>\n<li>\n\t\t\t\t\t<a href=\"https:\/\/wa.link\/t2umer\"><br \/>\n\t\t\t\t\t\t\t\t\t\t+549 11 3078 3330<br \/>\n\t\t\t\t\t\t\t\t\t\t\t<\/a>\n\t\t\t\t\t\t\t\t\t<\/li>\n<li>\n\t\t\t\t\t<a href=\"http:\/\/info@filtros-paraagua.com.ar\"><br \/>\n\t\t\t\t\t\t\t\t\t\tinfo@filtros-paraagua.com.ar<br \/>\n\t\t\t\t\t\t\t\t\t\t\t<\/a>\n\t\t\t\t\t\t\t\t\t<\/li>\n<li>\n\t\t\t\t\t<a href=\"http:\/\/info@filtros-paraagua.com.ar\"><br \/>\n\t\t\t\t\t\t\t\t\t\tAv. Balb\u00edn 2600 a 1 cuadra de Av.Gaspar Campos  Ecomuseo Ninsei San Miguel, Buenos Aires &#8211; Argentina<br \/>\n\t\t\t\t\t\t\t\t\t\t\t<\/a>\n\t\t\t\t\t\t\t\t\t<\/li>\n<\/ul>\n<h2>Envianos tu consulta <\/h2>\n<p>\t\t\t<iframe frameborder=\"0\" scrolling=\"no\" marginheight=\"0\" marginwidth=\"0\" src=\"https:\/\/maps.google.com\/maps?q=Av.%20Balb%C3%ADn%202600%20san%20miguel&amp;t=m&amp;z=13&amp;output=embed&amp;iwloc=near\" title=\"Av. Balb\u00edn 2600 san miguel\" aria-label=\"Av. Balb\u00edn 2600 san miguel\"><\/iframe><\/p>\n","protected":false},"excerpt":{"rendered":"<p>Agua y Ars\u00e9nico La Argentina es uno de los pa\u00edses m\u00e1s afectados por el hidroarsenicismo; lentamente se acumula en el organismo provocando graves perjuicios a la salud. Nuestro pa\u00eds es\u00a0uno de los m\u00e1s afectados\u00a0por este tipo de contaminaci\u00f3n, evaluado por estad\u00edsticas internacionales (OMS). Provocando enfermedades varias, de exterma gravedad. Las provincias m\u00e1s expuestas al consumo [&hellip;]<\/p>\n","protected":false},"author":1,"featured_media":0,"parent":0,"menu_order":0,"comment_status":"closed","ping_status":"closed","template":"","meta":{"site-sidebar-layout":"no-sidebar","site-content-layout":"page-builder","ast-site-content-layout":"default","site-content-style":"default","site-sidebar-style":"default","ast-global-header-display":"","ast-banner-title-visibility":"","ast-main-header-display":"","ast-hfb-above-header-display":"","ast-hfb-below-header-display":"","ast-hfb-mobile-header-display":"","site-post-title":"disabled","ast-breadcrumbs-content":"","ast-featured-img":"disabled","footer-sml-layout":"disabled","ast-disable-related-posts":"","theme-transparent-header-meta":"default","adv-header-id-meta":"","stick-header-meta":"","header-above-stick-meta":"","header-main-stick-meta":"","header-below-stick-meta":"","astra-migrate-meta-layouts":"default","ast-page-background-enabled":"default","ast-page-background-meta":{"desktop":{"background-color":"var(--ast-global-color-4)","background-image":"","background-repeat":"repeat","background-position":"center center","background-size":"auto","background-attachment":"scroll","background-type":"","background-media":"","overlay-type":"","overlay-color":"","overlay-opacity":"","overlay-gradient":""},"tablet":{"background-color":"","background-image":"","background-repeat":"repeat","background-position":"center center","background-size":"auto","background-attachment":"scroll","background-type":"","background-media":"","overlay-type":"","overlay-color":"","overlay-opacity":"","overlay-gradient":""},"mobile":{"background-color":"","background-image":"","background-repeat":"repeat","background-position":"center center","background-size":"auto","background-attachment":"scroll","background-type":"","background-media":"","overlay-type":"","overlay-color":"","overlay-opacity":"","overlay-gradient":""}},"ast-content-background-meta":{"desktop":{"background-color":"var(--ast-global-color-5)","background-image":"","background-repeat":"repeat","background-position":"center center","background-size":"auto","background-attachment":"scroll","background-type":"","background-media":"","overlay-type":"","overlay-color":"","overlay-opacity":"","overlay-gradient":""},"tablet":{"background-color":"var(--ast-global-color-5)","background-image":"","background-repeat":"repeat","background-position":"center center","background-size":"auto","background-attachment":"scroll","background-type":"","background-media":"","overlay-type":"","overlay-color":"","overlay-opacity":"","overlay-gradient":""},"mobile":{"background-color":"var(--ast-global-color-5)","background-image":"","background-repeat":"repeat","background-position":"center center","background-size":"auto","background-attachment":"scroll","background-type":"","background-media":"","overlay-type":"","overlay-color":"","overlay-opacity":"","overlay-gradient":""}},"_joinchat":[],"footnotes":""},"class_list":["post-256","page","type-page","status-publish","hentry"],"_links":{"self":[{"href":"https:\/\/filtros-paraagua.com.ar\/index.php\/wp-json\/wp\/v2\/pages\/256","targetHints":{"allow":["GET"]}}],"collection":[{"href":"https:\/\/filtros-paraagua.com.ar\/index.php\/wp-json\/wp\/v2\/pages"}],"about":[{"href":"https:\/\/filtros-paraagua.com.ar\/index.php\/wp-json\/wp\/v2\/types\/page"}],"author":[{"embeddable":true,"href":"https:\/\/filtros-paraagua.com.ar\/index.php\/wp-json\/wp\/v2\/users\/1"}],"replies":[{"embeddable":true,"href":"https:\/\/filtros-paraagua.com.ar\/index.php\/wp-json\/wp\/v2\/comments?post=256"}],"version-history":[{"count":11,"href":"https:\/\/filtros-paraagua.com.ar\/index.php\/wp-json\/wp\/v2\/pages\/256\/revisions"}],"predecessor-version":[{"id":442,"href":"https:\/\/filtros-paraagua.com.ar\/index.php\/wp-json\/wp\/v2\/pages\/256\/revisions\/442"}],"wp:attachment":[{"href":"https:\/\/filtros-paraagua.com.ar\/index.php\/wp-json\/wp\/v2\/media?parent=256"}],"curies":[{"name":"wp","href":"https:\/\/api.w.org\/{rel}","templated":true}]}}