{"id":226,"date":"2021-02-07T21:59:10","date_gmt":"2021-02-07T21:59:10","guid":{"rendered":"http:\/\/filtros-paraagua.com.ar\/?page_id=226"},"modified":"2023-08-03T15:34:51","modified_gmt":"2023-08-03T15:34:51","slug":"el-agua","status":"publish","type":"page","link":"https:\/\/filtros-paraagua.com.ar\/index.php\/el-agua\/","title":{"rendered":"El agua"},"content":{"rendered":"<p><img width=\"1024\" height=\"493\" src=\"http:\/\/filtros-paraagua.com.ar\/wp-content\/uploads\/2021\/02\/elagua-1024x493.png\" alt=\"\" decoding=\"async\" loading=\"lazy\" srcset=\"https:\/\/filtros-paraagua.com.ar\/wp-content\/uploads\/2021\/02\/elagua-1024x493.png 1024w, https:\/\/filtros-paraagua.com.ar\/wp-content\/uploads\/2021\/02\/elagua-300x144.png 300w, https:\/\/filtros-paraagua.com.ar\/wp-content\/uploads\/2021\/02\/elagua-768x370.png 768w, https:\/\/filtros-paraagua.com.ar\/wp-content\/uploads\/2021\/02\/elagua.png 1350w\" sizes=\"auto, (max-width: 1024px) 100vw, 1024px\" \/><br \/>\n\t\t\t\t\t\t\t\t\t\t<img width=\"500\" height=\"500\" src=\"http:\/\/filtros-paraagua.com.ar\/wp-content\/uploads\/2021\/02\/ggg.png\" alt=\"\" decoding=\"async\" loading=\"lazy\" srcset=\"https:\/\/filtros-paraagua.com.ar\/wp-content\/uploads\/2021\/02\/ggg.png 500w, https:\/\/filtros-paraagua.com.ar\/wp-content\/uploads\/2021\/02\/ggg-300x300.png 300w, https:\/\/filtros-paraagua.com.ar\/wp-content\/uploads\/2021\/02\/ggg-150x150.png 150w\" sizes=\"auto, (max-width: 500px) 100vw, 500px\" \/>\t\t\t\t\t\t\t\t\t\t\t<\/p>\n<p>El agua es el compuesto m\u00e1s abundante distribuido sobre la superficie de la tierra. En su composici\u00f3n interviene un \u00e1tomo de ox\u00edgeno y dos de hidr\u00f3geno, siendo esta el componente m\u00e1s importante del organismo humano, ocupando las dos terceras partes de la masa corporal, participando en los procesos vitales internos.<\/p>\n<p>Es considerada agua potable, o m\u00e1s precisamente agua apta para el consumo humano, toda agua natural o producida por un tratamiento de potabilizaci\u00f3n que cumpla con las Normas de calidad establecidas para tal fin. Estas Normas se basan en estudios toxicol\u00f3gicos y epidemiol\u00f3gicos, adem\u00e1s de considerar turbiedad, sabor, olor, color.<\/p>\n<p>El abastecimiento de agua potable, su correcto abastecimiento es una necesidad b\u00e1sica para la vida y es una de los principales elementos preventivos contra la propagaci\u00f3n de enfermedades h\u00eddricas.<\/p>\n<h2>EL M\u00c9TODO DE LA PURIFICACI\u00d3N DE AGUA SE PUEDE DIVIDIR:<\/h2>\n<p><strong>&#8211; El tratamiento\u00a0biol\u00f3gico o desinfecci\u00f3n.<\/strong> La desinfecci\u00f3n es el primer paso de la purificaci\u00f3n del agua. Responde al prop\u00f3sito de matar a los microorganismos indeseados. T\u00e9cnica de desinfectar con gotas de cloro.<\/p>\n<p><strong>&#8211; El tratamiento\u00a0fisicoqu\u00edmico de coloides\u00a0<\/strong>(micro part\u00edculas). Deposici\u00f3n de materia suspendida en forma de fl\u00f2culos, para su posterior filtrado.<\/p>\n<p><strong>&#8211; La purificaci\u00f3n f\u00edsica del agua<\/strong> se refiere sobre todo a t\u00e9cnicas de filtraci\u00f3n. Es un instrumento de purificaci\u00f3n para quitar los s\u00f3lidos de los l\u00edquidos. Este m\u00e9todo requiere de formar fl\u00f2culos, con las sustancias contaminantes m\u00e0s el activador-(caol\u00ecn), que luego precipitan al fondo del recipiente del pretratado, deschandolo.<\/p>\n<p>\u00a0El filtrado del agua que atraviesa la pared de la \u00a0unidad filtrante\u00a0de Cer\u00e0mica microporosa, es el \u00f9ltimo paso antes de su recolecci\u00f3n, tratamiento final antes del uso para consumo diario.<\/p>\n<figure><img decoding=\"async\" src=\"http:\/\/filtros-paraagua.com.ar\/wp-content\/uploads\/2021\/02\/1-2-300x300.png\" alt=\"1\" \/><\/figure>\n<figure><img decoding=\"async\" src=\"http:\/\/filtros-paraagua.com.ar\/wp-content\/uploads\/2021\/02\/2-1-300x300.png\" alt=\"2\" \/><\/figure>\n<figure><img decoding=\"async\" src=\"http:\/\/filtros-paraagua.com.ar\/wp-content\/uploads\/2021\/02\/4-1-300x300.png\" alt=\"4\" \/><\/figure>\n<figure><img decoding=\"async\" src=\"http:\/\/filtros-paraagua.com.ar\/wp-content\/uploads\/2021\/02\/5-1-300x300.png\" alt=\"5\" \/><\/figure>\n<p>\t\t\t\t\t\tAnterior<br \/>\n\t\t\t\t\t\tSiguiente<\/p>\n<p>Tambi\u00e9n favorece la calidad del agua de los acuarios, y la salud de los peces.<br \/>Retira t\u00f3xicos y dureza del agua ( sarro).<br \/>Permite generar el agua confiable para uso cotidiano en manipulaci\u00f3n de alimentos, lavado, cocci\u00f3n, preparar jugos para beber, etc.<\/p>\n<h2>CONTACTANOS<\/h2>\n<ul>\n<li>\n\t\t\t\t\t\t\t\t\t\t (011) 4451-0497\n\t\t\t\t\t\t\t\t\t<\/li>\n<li>\n\t\t\t\t\t<a href=\"https:\/\/wa.link\/t2umer\"><br \/>\n\t\t\t\t\t\t\t\t\t\t+549 11 3078 3330<br \/>\n\t\t\t\t\t\t\t\t\t\t\t<\/a>\n\t\t\t\t\t\t\t\t\t<\/li>\n<li>\n\t\t\t\t\t<a href=\"http:\/\/info@filtros-paraagua.com.ar\"><br \/>\n\t\t\t\t\t\t\t\t\t\tinfo@filtros-paraagua.com.ar<br \/>\n\t\t\t\t\t\t\t\t\t\t\t<\/a>\n\t\t\t\t\t\t\t\t\t<\/li>\n<li>\n\t\t\t\t\t<a href=\"http:\/\/info@filtros-paraagua.com.ar\"><br \/>\n\t\t\t\t\t\t\t\t\t\tAv. Balb\u00edn 2600 a 1 cuadra de Av.Gaspar Campos  Ecomuseo Ninsei San Miguel, Buenos Aires &#8211; Argentina<br \/>\n\t\t\t\t\t\t\t\t\t\t\t<\/a>\n\t\t\t\t\t\t\t\t\t<\/li>\n<\/ul>\n<h2>Envianos tu consulta <\/h2>\n<p>\t\t\t<iframe frameborder=\"0\" scrolling=\"no\" marginheight=\"0\" marginwidth=\"0\" src=\"https:\/\/maps.google.com\/maps?q=Av.%20Balb%C3%ADn%202600%20san%20miguel&amp;t=m&amp;z=13&amp;output=embed&amp;iwloc=near\" title=\"Av. Balb\u00edn 2600 san miguel\" aria-label=\"Av. Balb\u00edn 2600 san miguel\"><\/iframe><\/p>\n","protected":false},"excerpt":{"rendered":"<p>El agua es el compuesto m\u00e1s abundante distribuido sobre la superficie de la tierra. En su composici\u00f3n interviene un \u00e1tomo de ox\u00edgeno y dos de hidr\u00f3geno, siendo esta el componente m\u00e1s importante del organismo humano, ocupando las dos terceras partes de la masa corporal, participando en los procesos vitales internos. Es considerada agua potable, o [&hellip;]<\/p>\n","protected":false},"author":1,"featured_media":0,"parent":0,"menu_order":0,"comment_status":"closed","ping_status":"closed","template":"","meta":{"site-sidebar-layout":"no-sidebar","site-content-layout":"page-builder","ast-site-content-layout":"default","site-content-style":"default","site-sidebar-style":"default","ast-global-header-display":"","ast-banner-title-visibility":"","ast-main-header-display":"","ast-hfb-above-header-display":"","ast-hfb-below-header-display":"","ast-hfb-mobile-header-display":"","site-post-title":"disabled","ast-breadcrumbs-content":"","ast-featured-img":"disabled","footer-sml-layout":"disabled","ast-disable-related-posts":"","theme-transparent-header-meta":"default","adv-header-id-meta":"","stick-header-meta":"","header-above-stick-meta":"","header-main-stick-meta":"","header-below-stick-meta":"","astra-migrate-meta-layouts":"default","ast-page-background-enabled":"default","ast-page-background-meta":{"desktop":{"background-color":"var(--ast-global-color-4)","background-image":"","background-repeat":"repeat","background-position":"center center","background-size":"auto","background-attachment":"scroll","background-type":"","background-media":"","overlay-type":"","overlay-color":"","overlay-opacity":"","overlay-gradient":""},"tablet":{"background-color":"","background-image":"","background-repeat":"repeat","background-position":"center center","background-size":"auto","background-attachment":"scroll","background-type":"","background-media":"","overlay-type":"","overlay-color":"","overlay-opacity":"","overlay-gradient":""},"mobile":{"background-color":"","background-image":"","background-repeat":"repeat","background-position":"center center","background-size":"auto","background-attachment":"scroll","background-type":"","background-media":"","overlay-type":"","overlay-color":"","overlay-opacity":"","overlay-gradient":""}},"ast-content-background-meta":{"desktop":{"background-color":"var(--ast-global-color-5)","background-image":"","background-repeat":"repeat","background-position":"center center","background-size":"auto","background-attachment":"scroll","background-type":"","background-media":"","overlay-type":"","overlay-color":"","overlay-opacity":"","overlay-gradient":""},"tablet":{"background-color":"var(--ast-global-color-5)","background-image":"","background-repeat":"repeat","background-position":"center center","background-size":"auto","background-attachment":"scroll","background-type":"","background-media":"","overlay-type":"","overlay-color":"","overlay-opacity":"","overlay-gradient":""},"mobile":{"background-color":"var(--ast-global-color-5)","background-image":"","background-repeat":"repeat","background-position":"center center","background-size":"auto","background-attachment":"scroll","background-type":"","background-media":"","overlay-type":"","overlay-color":"","overlay-opacity":"","overlay-gradient":""}},"_joinchat":[],"footnotes":""},"class_list":["post-226","page","type-page","status-publish","hentry"],"_links":{"self":[{"href":"https:\/\/filtros-paraagua.com.ar\/index.php\/wp-json\/wp\/v2\/pages\/226","targetHints":{"allow":["GET"]}}],"collection":[{"href":"https:\/\/filtros-paraagua.com.ar\/index.php\/wp-json\/wp\/v2\/pages"}],"about":[{"href":"https:\/\/filtros-paraagua.com.ar\/index.php\/wp-json\/wp\/v2\/types\/page"}],"author":[{"embeddable":true,"href":"https:\/\/filtros-paraagua.com.ar\/index.php\/wp-json\/wp\/v2\/users\/1"}],"replies":[{"embeddable":true,"href":"https:\/\/filtros-paraagua.com.ar\/index.php\/wp-json\/wp\/v2\/comments?post=226"}],"version-history":[{"count":29,"href":"https:\/\/filtros-paraagua.com.ar\/index.php\/wp-json\/wp\/v2\/pages\/226\/revisions"}],"predecessor-version":[{"id":454,"href":"https:\/\/filtros-paraagua.com.ar\/index.php\/wp-json\/wp\/v2\/pages\/226\/revisions\/454"}],"wp:attachment":[{"href":"https:\/\/filtros-paraagua.com.ar\/index.php\/wp-json\/wp\/v2\/media?parent=226"}],"curies":[{"name":"wp","href":"https:\/\/api.w.org\/{rel}","templated":true}]}}