{"id":22,"date":"2021-02-07T14:10:02","date_gmt":"2021-02-07T14:10:02","guid":{"rendered":"http:\/\/filtros-paraagua.com.ar\/?page_id=22"},"modified":"2023-08-03T15:22:06","modified_gmt":"2023-08-03T15:22:06","slug":"inicio","status":"publish","type":"page","link":"https:\/\/filtros-paraagua.com.ar\/","title":{"rendered":"Inicio"},"content":{"rendered":"<h3>Filtros para potabilizar Agua<\/h3>\n<p>\t\t\t<a href=\"#contacto\" role=\"button\"><br \/>\n\t\t\t\t\t\tCont\u00e1ctanos ahora<br \/>\n\t\t\t\t\t<\/a><\/p>\n<h3>BIENVENIDOS  <\/h3>\n<p>\u201c <strong>Filtro Aguada<\/strong>\u201d\u00a0es un producto de elaboraci\u00f3n propia, fabricado en la ciudad de San Miguel, Gran Buenos Aires, Argentina.<br \/>El Filtro es un m\u00e9todo simple y efectivo que garantiza la descontaminaci\u00f3n del agua que consumimos. Logramos Agua Potable a partir de agua de R\u00eco , Red y de Pozo.<\/p>\n<p>Su fabricaci\u00f3n es artesanal y muy cuidadosa.<br \/>Gracias a nuestra <strong>UNIDAD FILTRANTE DE CER\u00c1MICA MICROPOROSA\u00a0<\/strong> se logra retener sustancias indeseables presentes en el agua, previamente se realiza el proceso de Pretratado del agua.<\/p>\n<p>\t\t\t<a href=\"https:\/\/wa.link\/mfdsjp\" role=\"button\"><br \/>\n\t\t\t\t\t\tChatea con nosotros<br \/>\n\t\t\t\t\t<\/a><br \/>\n\t\t\t\t\t\t\t\t\t\t<img width=\"600\" height=\"800\" src=\"http:\/\/filtros-paraagua.com.ar\/wp-content\/uploads\/2021\/02\/1.png\" alt=\"\" decoding=\"async\" loading=\"lazy\" srcset=\"https:\/\/filtros-paraagua.com.ar\/wp-content\/uploads\/2021\/02\/1.png 600w, https:\/\/filtros-paraagua.com.ar\/wp-content\/uploads\/2021\/02\/1-225x300.png 225w\" sizes=\"auto, (max-width: 600px) 100vw, 600px\" \/>\t\t\t\t\t\t\t\t\t\t\t<\/p>\n<h2>Contamos con tres presentaciones <\/h2>\n<p>\t\t\t       \t\t\t       \t\t    3 Litros<\/p>\n<h4>Chico<\/h4>\n<p>\t\t\t       \t\t\t       \t\t    5 Litros<\/p>\n<h4>Mediano<\/h4>\n<p>\t\t\t       \t\t\t       \t\t    10 Litros<\/p>\n<h4>Grande<\/h4>\n<p>\t\t\t\t\t\t\t<a target=\"_blank\" href=\"http:\/\/filtros-paraagua.com.ar\/wp-content\/uploads\/2021\/02\/3.png\" data-elementor-open-lightbox=\"no\" rel=\"noopener\"><br \/>\n\t\t\t\t\t\t\t<\/a><\/p>\n<h3>\n\t\t\t\t\tFiltros Aguada<br \/>\n\t\t\t<\/h3>\n<p>El Filtro Aguada\u00a0es moldeado con una pasta cer\u00e1mica. Horneado a mil grados de temperatura.<br \/>Su forma es un recipiente de forma levemente c\u00f3nica, descansa en un tr\u00edpode de metal que lo sostiene y permite colocar debajo una botella recolectora, y as\u00ed obtener el envasado para el uso diario.<br \/>Una tapa completa el equipo, junto con caol\u00edn (material arcilloso, silicato de al\u00f9mina hidratado), para el pretratado del AGUA (Cloraci\u00f2n, formaci\u00f3n de fl\u00f3culos con caol\u00edn y luego Filtrado )<\/p>\n<p>\t\t\t\t\t\t\t\t\t<a href=\"#\"><br \/>\n\t\t\t\t\t\t\t\t\t\t\t<\/a><br \/>\n\t\t\t\t\t\t\t\t\t\t<img width=\"768\" height=\"1024\" src=\"http:\/\/filtros-paraagua.com.ar\/wp-content\/uploads\/2021\/02\/20201219_125123-768x1024.jpg\" alt=\"\" decoding=\"async\" loading=\"lazy\" srcset=\"https:\/\/filtros-paraagua.com.ar\/wp-content\/uploads\/2021\/02\/20201219_125123-768x1024.jpg 768w, https:\/\/filtros-paraagua.com.ar\/wp-content\/uploads\/2021\/02\/20201219_125123-225x300.jpg 225w, https:\/\/filtros-paraagua.com.ar\/wp-content\/uploads\/2021\/02\/20201219_125123-1152x1536.jpg 1152w, https:\/\/filtros-paraagua.com.ar\/wp-content\/uploads\/2021\/02\/20201219_125123.jpg 1200w\" sizes=\"auto, (max-width: 768px) 100vw, 768px\" \/>\t\t\t\t\t\t\t\t\t\t\t<\/p>\n<h2>Vis\u00edtanos en Facebook<\/h2>\n<h2>ENV\u00cdOS A TODO EL PA\u00cdS<\/h2>\n<h2>CONTACTANOS<\/h2>\n<ul>\n<li>\n\t\t\t\t\t\t\t\t\t\t (011) 4451-0497\n\t\t\t\t\t\t\t\t\t<\/li>\n<li>\n\t\t\t\t\t<a href=\"https:\/\/wa.link\/t2umer\"><br \/>\n\t\t\t\t\t\t\t\t\t\t+549 11 3078 3330<br \/>\n\t\t\t\t\t\t\t\t\t\t\t<\/a>\n\t\t\t\t\t\t\t\t\t<\/li>\n<li>\n\t\t\t\t\t<a href=\"http:\/\/info@filtros-paraagua.com.ar\"><br \/>\n\t\t\t\t\t\t\t\t\t\tinfo@filtros-paraagua.com.ar<br \/>\n\t\t\t\t\t\t\t\t\t\t\t<\/a>\n\t\t\t\t\t\t\t\t\t<\/li>\n<li>\n\t\t\t\t\t<a href=\"http:\/\/info@filtros-paraagua.com.ar\"><br \/>\n\t\t\t\t\t\t\t\t\t\tAv. Balb\u00edn 2600 a 1 cuadra de Av.Gaspar Campos  Ecomuseo Ninsei San Miguel, Buenos Aires &#8211; Argentina<br \/>\n\t\t\t\t\t\t\t\t\t\t\t<\/a>\n\t\t\t\t\t\t\t\t\t<\/li>\n<\/ul>\n<h2>Envianos tu consulta <\/h2>\n<p>\t\t\t<iframe frameborder=\"0\" scrolling=\"no\" marginheight=\"0\" marginwidth=\"0\" src=\"https:\/\/maps.google.com\/maps?q=Av.%20Balb%C3%ADn%202600%20san%20miguel&amp;t=m&amp;z=13&amp;output=embed&amp;iwloc=near\" title=\"Av. Balb\u00edn 2600 san miguel\" aria-label=\"Av. Balb\u00edn 2600 san miguel\"><\/iframe><\/p>\n","protected":false},"excerpt":{"rendered":"<p>Filtros para potabilizar Agua Cont\u00e1ctanos ahora BIENVENIDOS \u201c Filtro Aguada\u201d\u00a0es un producto de elaboraci\u00f3n propia, fabricado en la ciudad de San Miguel, Gran Buenos Aires, Argentina.El Filtro es un m\u00e9todo simple y efectivo que garantiza la descontaminaci\u00f3n del agua que consumimos. Logramos Agua Potable a partir de agua de R\u00eco , Red y de Pozo. [&hellip;]<\/p>\n","protected":false},"author":1,"featured_media":0,"parent":0,"menu_order":0,"comment_status":"closed","ping_status":"closed","template":"","meta":{"site-sidebar-layout":"no-sidebar","site-content-layout":"page-builder","ast-site-content-layout":"default","site-content-style":"default","site-sidebar-style":"default","ast-global-header-display":"","ast-banner-title-visibility":"","ast-main-header-display":"","ast-hfb-above-header-display":"","ast-hfb-below-header-display":"","ast-hfb-mobile-header-display":"","site-post-title":"disabled","ast-breadcrumbs-content":"","ast-featured-img":"disabled","footer-sml-layout":"disabled","ast-disable-related-posts":"","theme-transparent-header-meta":"default","adv-header-id-meta":"","stick-header-meta":"","header-above-stick-meta":"","header-main-stick-meta":"","header-below-stick-meta":"","astra-migrate-meta-layouts":"default","ast-page-background-enabled":"default","ast-page-background-meta":{"desktop":{"background-color":"var(--ast-global-color-4)","background-image":"","background-repeat":"repeat","background-position":"center center","background-size":"auto","background-attachment":"scroll","background-type":"","background-media":"","overlay-type":"","overlay-color":"","overlay-opacity":"","overlay-gradient":""},"tablet":{"background-color":"","background-image":"","background-repeat":"repeat","background-position":"center center","background-size":"auto","background-attachment":"scroll","background-type":"","background-media":"","overlay-type":"","overlay-color":"","overlay-opacity":"","overlay-gradient":""},"mobile":{"background-color":"","background-image":"","background-repeat":"repeat","background-position":"center center","background-size":"auto","background-attachment":"scroll","background-type":"","background-media":"","overlay-type":"","overlay-color":"","overlay-opacity":"","overlay-gradient":""}},"ast-content-background-meta":{"desktop":{"background-color":"var(--ast-global-color-5)","background-image":"","background-repeat":"repeat","background-position":"center center","background-size":"auto","background-attachment":"scroll","background-type":"","background-media":"","overlay-type":"","overlay-color":"","overlay-opacity":"","overlay-gradient":""},"tablet":{"background-color":"var(--ast-global-color-5)","background-image":"","background-repeat":"repeat","background-position":"center center","background-size":"auto","background-attachment":"scroll","background-type":"","background-media":"","overlay-type":"","overlay-color":"","overlay-opacity":"","overlay-gradient":""},"mobile":{"background-color":"var(--ast-global-color-5)","background-image":"","background-repeat":"repeat","background-position":"center center","background-size":"auto","background-attachment":"scroll","background-type":"","background-media":"","overlay-type":"","overlay-color":"","overlay-opacity":"","overlay-gradient":""}},"_joinchat":[],"footnotes":""},"class_list":["post-22","page","type-page","status-publish","hentry"],"_links":{"self":[{"href":"https:\/\/filtros-paraagua.com.ar\/index.php\/wp-json\/wp\/v2\/pages\/22","targetHints":{"allow":["GET"]}}],"collection":[{"href":"https:\/\/filtros-paraagua.com.ar\/index.php\/wp-json\/wp\/v2\/pages"}],"about":[{"href":"https:\/\/filtros-paraagua.com.ar\/index.php\/wp-json\/wp\/v2\/types\/page"}],"author":[{"embeddable":true,"href":"https:\/\/filtros-paraagua.com.ar\/index.php\/wp-json\/wp\/v2\/users\/1"}],"replies":[{"embeddable":true,"href":"https:\/\/filtros-paraagua.com.ar\/index.php\/wp-json\/wp\/v2\/comments?post=22"}],"version-history":[{"count":110,"href":"https:\/\/filtros-paraagua.com.ar\/index.php\/wp-json\/wp\/v2\/pages\/22\/revisions"}],"predecessor-version":[{"id":431,"href":"https:\/\/filtros-paraagua.com.ar\/index.php\/wp-json\/wp\/v2\/pages\/22\/revisions\/431"}],"wp:attachment":[{"href":"https:\/\/filtros-paraagua.com.ar\/index.php\/wp-json\/wp\/v2\/media?parent=22"}],"curies":[{"name":"wp","href":"https:\/\/api.w.org\/{rel}","templated":true}]}}