{"id":179,"date":"2021-02-07T21:10:29","date_gmt":"2021-02-07T21:10:29","guid":{"rendered":"http:\/\/filtros-paraagua.com.ar\/?page_id=179"},"modified":"2023-08-03T15:31:39","modified_gmt":"2023-08-03T15:31:39","slug":"agua-potable","status":"publish","type":"page","link":"https:\/\/filtros-paraagua.com.ar\/index.php\/agua-potable\/","title":{"rendered":"Agua potable"},"content":{"rendered":"<p><img width=\"675\" height=\"325\" src=\"http:\/\/filtros-paraagua.com.ar\/wp-content\/uploads\/2021\/02\/Agua-Potable.png\" alt=\"\" decoding=\"async\" loading=\"lazy\" srcset=\"https:\/\/filtros-paraagua.com.ar\/wp-content\/uploads\/2021\/02\/Agua-Potable.png 675w, https:\/\/filtros-paraagua.com.ar\/wp-content\/uploads\/2021\/02\/Agua-Potable-300x144.png 300w\" sizes=\"auto, (max-width: 675px) 100vw, 675px\" \/>\t\t\t\t\t\t\t\t\t\t\t<\/p>\n<h2>FUENTES DE CONTAMINACI\u00d3N<\/h2>\n<p>Se contaminan los cuerpos de agua a trav\u00e9s de las interacciones que se producen entre las sustancias que est\u00e1n en el Medio Ambiente y el movimiento del agua en el ciclo hidrol\u00f3gico natural del agua. <\/p>\n<h3>\n\t\t\t\t\tOrigen urbano:\u00a0<br \/>\n\t\t\t\t<\/h3>\n<p>Desechos en calles  transportados por el escurrimiento superficial producido por la lluvia.<\/p>\n<h3>\n\t\t\t\t\tOrigen agr\u00edcola :<br \/>\n\t\t\t\t<\/h3>\n<p>Biocidas y fertilizantes, as\u00ed como micropart\u00edculas de naturaleza h\u00famica que dan color al agua, que son transportados por escurrimiento del agua.<\/p>\n<h3>\n\t\t\t\t\tOrigen atmosf\u00e9rico :<br \/>\n\t\t\t\t<\/h3>\n<p>Sustancias presentes en el aire son captadas y arrastradas por las precipitaciones atmosf\u00e9ricas (lluvia, nieve, granizo).<\/p>\n<h3>\n\t\t\t\t\tOrigen accidental :\u00a0<br \/>\n\t\t\t\t<\/h3>\n<p>Pueden ser sustancias derivadas de una variedad de circunstancias originadas por actividades industriales, mineras, dep\u00f3sitos de residuos, etc.<\/p>\n<p><strong>1) Sustancias inorg\u00e1nicas:<\/strong><br \/>Las sustancias inorg\u00e1nicas que se encuentran, entre otras, el contenido salino, ars\u00e9nico, las sustancias t\u00f3xicas como metales pesados, pesticidas, compuestos org\u00e1nicos sint\u00e9ticos (PCB, dioxinas). La llamada dureza del agua, el hierro y manganeso.<\/p>\n<p><strong>2) Caracter\u00edsticas bacteriol\u00f3gicas:<\/strong><br \/>Los \u00edndices y par\u00e1metros que consideran las caracter\u00edsticas bacteriol\u00f3gicas del agua miden la presencia de microorganismos tales como bacterias aer\u00f3bicas, y bacterias coliformes, entre ellas en particular la Eschericchia Coli, que indican en forma indirecta la posibilidad de que el agua haya entrado en contacto con heces humanas y contenga por lo tanto microorganismos pat\u00f3genos, esto es, microorganismos productores de enfermedades h\u00eddricas. ( Algunas enfermedades derivadas de bacterias y virus como entre otros, las diarreas infantiles, el c\u00f3lera, la fiebre amarilla, la hepatitis, la poliomielitis, las salmonelosis y la fiebre tifoidea, as\u00ed como las derivadas de par\u00e1sitos intestinales, etc. Desde el punto de vista de protecci\u00f3n de la salud, estos indicadores son esenciales).<\/p>\n<h2>Fuentes tradicionales de abastecimiento de agua: <\/h2>\n<p>Las aguas en la naturaleza pueden cumplir con los requisitos de calidad exigidos por las <strong>Normas de Calidad<\/strong>. Cuando ello no ocurre es necesario un tratamiento de potabilizaci\u00f3n.<\/p>\n<p>\t\t\t\t\t\t\t\t\t\t\t\t<a href=\"\">Fuentes Superficiales:\u00a0<\/a><\/p>\n<p>Aguas de arroyos, r\u00edos, lagos y embalses. Las aguas de fuentes superficiales no cumplen con las Normas de Calidad y necesitan un tratamiento de potabilizaci\u00f3n.<\/p>\n<p>\t\t\t\t\t\t\t\t\t\t\t\t<a href=\"\">Fuentes Subterr\u00e1neas:\u00a0<\/a><\/p>\n<p>De napas superficiales y de napas profundas, (Agua de Pozo) es conveniente una seguridad bacteriol\u00f3gica, por lo que necesitan una desinfecci\u00f3n). De acuerdo a las zonas de nuestro pa\u00eds, poseer\u00e1n distintas caracter\u00edsticas de potabilidad o contaminaci\u00f3n. potabilizaci\u00f3n.<\/p>\n<p>\t\t\t\t\t\t\t\t\t\t\t\t<a href=\"\">Aguas de lluvia\u00a0<\/a><\/p>\n<p>son recogidas por techos o superficies y son almacenadas en cisternas. (Aunque\u00a0no cumplen con las Normas ya que suelen ser muy \u00e1cidas,\u00a0arrastrando distintos contaminantes).<\/p>\n<h2>POTABILIZACI\u00d3N<\/h2>\n<p>El objetivo principal de los sistemas de potabilizaci\u00f3n es lograr, mediante la eliminaci\u00f3n de los microorganismos pat\u00f3genos, una reducci\u00f3n de la incidencia de enfermedades H\u00eddricas. Actualmente los procesos de potabilizaci\u00f3n deben resolver contaminaciones mucho m\u00e1s complejas dada la alta incidencia de la contaminaci\u00f3n Industrial, que generalmente desaguan en los r\u00edos donde nos abastecemos las comunidades para proveernos de AGUA.<\/p>\n<h2>PLANTAS DE FILTRACI\u00d3N R\u00c1PIDA<\/h2>\n<p>Consiste en un Proceso integrado por floculaci\u00f3n, sedimentaci\u00f3n y filtraci\u00f3n, seguida de una desinfecci\u00f3n y ajuste de Ph.<br \/>El Proceso se basa en el agregado, de un coagulante que permite el aglutinamiento mediante floculaci\u00f3n, de las part\u00edculas en suspensi\u00f3n, facilitando su posterior sedimentaci\u00f3n. La desinfecci\u00f3n, normalmente se hace mediante cloraci\u00f3n, asegura la eliminaci\u00f3n de microorganismos pat\u00f3genos org\u00e1nicos. <br \/>M\u00e9todo muy similar aplica Filtro tipo Condorhuasi \u2013 Aguada, para asegurar la calidad del Agua. En cada caso se puede realizar las comprobaciones o an\u00e1lisis por T\u00e8cnicos profesionales en Laboratorios de su localidad.<\/p>\n<p>\t\t\t\t\t\t\t\t\t\t<img width=\"675\" height=\"325\" src=\"http:\/\/filtros-paraagua.com.ar\/wp-content\/uploads\/2021\/02\/Agua-Potable-1.png\" alt=\"\" decoding=\"async\" loading=\"lazy\" srcset=\"https:\/\/filtros-paraagua.com.ar\/wp-content\/uploads\/2021\/02\/Agua-Potable-1.png 675w, https:\/\/filtros-paraagua.com.ar\/wp-content\/uploads\/2021\/02\/Agua-Potable-1-300x144.png 300w\" sizes=\"auto, (max-width: 675px) 100vw, 675px\" \/>\t\t\t\t\t\t\t\t\t\t\t<\/p>\n<h2>CONTACTANOS<\/h2>\n<ul>\n<li>\n\t\t\t\t\t\t\t\t\t\t (011) 4451-0497\n\t\t\t\t\t\t\t\t\t<\/li>\n<li>\n\t\t\t\t\t<a href=\"https:\/\/wa.link\/t2umer\"><br \/>\n\t\t\t\t\t\t\t\t\t\t+549 11 3078 3330<br \/>\n\t\t\t\t\t\t\t\t\t\t\t<\/a>\n\t\t\t\t\t\t\t\t\t<\/li>\n<li>\n\t\t\t\t\t<a href=\"http:\/\/info@filtros-paraagua.com.ar\"><br \/>\n\t\t\t\t\t\t\t\t\t\tinfo@filtros-paraagua.com.ar<br \/>\n\t\t\t\t\t\t\t\t\t\t\t<\/a>\n\t\t\t\t\t\t\t\t\t<\/li>\n<li>\n\t\t\t\t\t<a href=\"http:\/\/info@filtros-paraagua.com.ar\"><br \/>\n\t\t\t\t\t\t\t\t\t\tAv. Balb\u00edn 2600 a 1 cuadra de Av.Gaspar Campos  Ecomuseo Ninsei San Miguel, Buenos Aires &#8211; Argentina<br \/>\n\t\t\t\t\t\t\t\t\t\t\t<\/a>\n\t\t\t\t\t\t\t\t\t<\/li>\n<\/ul>\n<h2>Envianos tu consulta <\/h2>\n<p>\t\t\t<iframe frameborder=\"0\" scrolling=\"no\" marginheight=\"0\" marginwidth=\"0\" src=\"https:\/\/maps.google.com\/maps?q=Av.%20Balb%C3%ADn%202600%20san%20miguel&amp;t=m&amp;z=13&amp;output=embed&amp;iwloc=near\" title=\"Av. Balb\u00edn 2600 san miguel\" aria-label=\"Av. Balb\u00edn 2600 san miguel\"><\/iframe><\/p>\n","protected":false},"excerpt":{"rendered":"<p>FUENTES DE CONTAMINACI\u00d3N Se contaminan los cuerpos de agua a trav\u00e9s de las interacciones que se producen entre las sustancias que est\u00e1n en el Medio Ambiente y el movimiento del agua en el ciclo hidrol\u00f3gico natural del agua. Origen urbano:\u00a0 Desechos en calles transportados por el escurrimiento superficial producido por la lluvia. Origen agr\u00edcola : [&hellip;]<\/p>\n","protected":false},"author":1,"featured_media":0,"parent":0,"menu_order":0,"comment_status":"closed","ping_status":"closed","template":"","meta":{"site-sidebar-layout":"no-sidebar","site-content-layout":"page-builder","ast-site-content-layout":"default","site-content-style":"default","site-sidebar-style":"default","ast-global-header-display":"","ast-banner-title-visibility":"","ast-main-header-display":"","ast-hfb-above-header-display":"","ast-hfb-below-header-display":"","ast-hfb-mobile-header-display":"","site-post-title":"disabled","ast-breadcrumbs-content":"","ast-featured-img":"disabled","footer-sml-layout":"disabled","ast-disable-related-posts":"","theme-transparent-header-meta":"default","adv-header-id-meta":"","stick-header-meta":"","header-above-stick-meta":"","header-main-stick-meta":"","header-below-stick-meta":"","astra-migrate-meta-layouts":"default","ast-page-background-enabled":"default","ast-page-background-meta":{"desktop":{"background-color":"var(--ast-global-color-4)","background-image":"","background-repeat":"repeat","background-position":"center center","background-size":"auto","background-attachment":"scroll","background-type":"","background-media":"","overlay-type":"","overlay-color":"","overlay-opacity":"","overlay-gradient":""},"tablet":{"background-color":"","background-image":"","background-repeat":"repeat","background-position":"center center","background-size":"auto","background-attachment":"scroll","background-type":"","background-media":"","overlay-type":"","overlay-color":"","overlay-opacity":"","overlay-gradient":""},"mobile":{"background-color":"","background-image":"","background-repeat":"repeat","background-position":"center center","background-size":"auto","background-attachment":"scroll","background-type":"","background-media":"","overlay-type":"","overlay-color":"","overlay-opacity":"","overlay-gradient":""}},"ast-content-background-meta":{"desktop":{"background-color":"var(--ast-global-color-5)","background-image":"","background-repeat":"repeat","background-position":"center center","background-size":"auto","background-attachment":"scroll","background-type":"","background-media":"","overlay-type":"","overlay-color":"","overlay-opacity":"","overlay-gradient":""},"tablet":{"background-color":"var(--ast-global-color-5)","background-image":"","background-repeat":"repeat","background-position":"center center","background-size":"auto","background-attachment":"scroll","background-type":"","background-media":"","overlay-type":"","overlay-color":"","overlay-opacity":"","overlay-gradient":""},"mobile":{"background-color":"var(--ast-global-color-5)","background-image":"","background-repeat":"repeat","background-position":"center center","background-size":"auto","background-attachment":"scroll","background-type":"","background-media":"","overlay-type":"","overlay-color":"","overlay-opacity":"","overlay-gradient":""}},"_joinchat":[],"footnotes":""},"class_list":["post-179","page","type-page","status-publish","hentry"],"_links":{"self":[{"href":"https:\/\/filtros-paraagua.com.ar\/index.php\/wp-json\/wp\/v2\/pages\/179","targetHints":{"allow":["GET"]}}],"collection":[{"href":"https:\/\/filtros-paraagua.com.ar\/index.php\/wp-json\/wp\/v2\/pages"}],"about":[{"href":"https:\/\/filtros-paraagua.com.ar\/index.php\/wp-json\/wp\/v2\/types\/page"}],"author":[{"embeddable":true,"href":"https:\/\/filtros-paraagua.com.ar\/index.php\/wp-json\/wp\/v2\/users\/1"}],"replies":[{"embeddable":true,"href":"https:\/\/filtros-paraagua.com.ar\/index.php\/wp-json\/wp\/v2\/comments?post=179"}],"version-history":[{"count":57,"href":"https:\/\/filtros-paraagua.com.ar\/index.php\/wp-json\/wp\/v2\/pages\/179\/revisions"}],"predecessor-version":[{"id":438,"href":"https:\/\/filtros-paraagua.com.ar\/index.php\/wp-json\/wp\/v2\/pages\/179\/revisions\/438"}],"wp:attachment":[{"href":"https:\/\/filtros-paraagua.com.ar\/index.php\/wp-json\/wp\/v2\/media?parent=179"}],"curies":[{"name":"wp","href":"https:\/\/api.w.org\/{rel}","templated":true}]}}