{"id":120,"date":"2021-02-07T18:45:53","date_gmt":"2021-02-07T18:45:53","guid":{"rendered":"http:\/\/filtros-paraagua.com.ar\/?page_id=120"},"modified":"2023-08-03T15:35:55","modified_gmt":"2023-08-03T15:35:55","slug":"el-filtro","status":"publish","type":"page","link":"https:\/\/filtros-paraagua.com.ar\/index.php\/el-filtro\/","title":{"rendered":"El filtro"},"content":{"rendered":"<p><img width=\"675\" height=\"325\" src=\"http:\/\/filtros-paraagua.com.ar\/wp-content\/uploads\/2021\/02\/rererw-1.png\" alt=\"\" decoding=\"async\" loading=\"lazy\" srcset=\"https:\/\/filtros-paraagua.com.ar\/wp-content\/uploads\/2021\/02\/rererw-1.png 675w, https:\/\/filtros-paraagua.com.ar\/wp-content\/uploads\/2021\/02\/rererw-1-300x144.png 300w\" sizes=\"auto, (max-width: 675px) 100vw, 675px\" \/>\t\t\t\t\t\t\t\t\t\t\t<\/p>\n<h2>FILTRO para AGUA de  CER\u00c1MICA<br \/>\n      \u00abAGUADA\u00bb potabiliza el Agua<\/h2>\n<p><strong>El FILTRO CER\u00c1MICO<\/strong> cumple la finalidad de lograr Agua potable.<br \/>El mismo consiste en una unidad filtrante de cer\u00e1mica micro-porosa. Esta caracter\u00edstica retiene\u00a0sustancias indeseables\u00a0en el agua.<br \/>Es parte del proceso de optimizaci\u00f3n del Agua de rio, de pozo o de red el Pre-Tratamiento del Agua.<br \/>ES un m\u00e9todo para Potabilizar el agua, mediante un sistema sencillo y comprobado. <br \/>Su constataci\u00f3n es mediante an\u00e1lisis certificado en laboratorio por profesionales, comprobaci\u00f3n org\u00e1nica e inorg\u00e1nica de cada tipo de Agua que se disponga.<\/p>\n<p>\t\t\t\t\t\t\t\t\t\t<img width=\"768\" height=\"1024\" src=\"http:\/\/filtros-paraagua.com.ar\/wp-content\/uploads\/2021\/02\/DSCN0130-768x1024.jpg\" alt=\"\" decoding=\"async\" loading=\"lazy\" srcset=\"https:\/\/filtros-paraagua.com.ar\/wp-content\/uploads\/2021\/02\/DSCN0130-768x1024.jpg 768w, https:\/\/filtros-paraagua.com.ar\/wp-content\/uploads\/2021\/02\/DSCN0130-225x300.jpg 225w, https:\/\/filtros-paraagua.com.ar\/wp-content\/uploads\/2021\/02\/DSCN0130-1152x1536.jpg 1152w, https:\/\/filtros-paraagua.com.ar\/wp-content\/uploads\/2021\/02\/DSCN0130-1536x2048.jpg 1536w, https:\/\/filtros-paraagua.com.ar\/wp-content\/uploads\/2021\/02\/DSCN0130-scaled.jpg 1920w\" sizes=\"auto, (max-width: 768px) 100vw, 768px\" \/>\t\t\t\t\t\t\t\t\t\t\t<\/p>\n<h2>CARACTER\u00cdSTICAS &#8211; Tama\u00f1os<\/h2>\n<p>El filtro \u201cAGUADA\u201d se produce en tres tama\u00f1os o capacidades de carga:<\/p>\n<p><strong>&#8211; Chico: Carga de 3 litros.<\/strong><\/p>\n<p><strong>&#8211; Mediano: Carga de 5 litros.<\/strong><\/p>\n<p><strong>&#8211; Grande: Carga de 10 litros.<\/strong><\/p>\n<p>El filtro de uso familiar, se cargar\u00e1 con agua\u00a0pretratada.<br \/>La misma es filtrada de a un litro a litro y medio por hora aproximadamente lista para su uso.<\/p>\n<p>El filtro \u201dAGUADA\u201d es modelado en pasta cer\u00e1mica micro-porosa, con materiales de primera calidad. Horneado a mil grados de temperatura. <br \/>Su forma es un recipiente de forma levemente c\u00f3nica, que descansa en un tr\u00edpode de metal que lo sostiene. El dise\u00f1o permite que el agua pretratada traspase la pared porosa, se coloca debajo un recipiente o botella recolectora, y as\u00ed obtener el envasado para el uso.<br \/>La tapa artesanal decorada, completa el equipo junto con un envasado que contiene caol\u00edn (material arcilloso, silicato de al\u00f9mina hidratado), para el pretratado.<\/p>\n<h2>PRETRATADO  DEL  AGUA<br \/>\n<\/h2>\n<p><strong>Cloraci\u00f2n ( 3 gotas por litro de agua.)<\/strong><br \/><strong>Adsorci\u00f3n \u2013 Floculaci\u00f3n- Sedimentaci\u00f3n<\/strong><br \/><strong>Filtraci\u00f3n<\/strong><br \/><strong>AGUA Purificada<\/strong><\/p>\n<p>Pretratamiento del AGUA<br \/>Toda agua antes de su filtrado debe ser necesariamente\u00a0pre-tratada. Ello asegura la descontaminaci\u00f3n de t\u00f3xicos presentes.<\/p>\n<p>El Filtro es capaz de descontaminar el Agua de metales pesados, t\u00f3xicos minerales, agrot\u00f3xicos, sustancias en suspensi\u00f3n, ars\u00e9nico, cromo, plomo, cianuros, nitratos y nitritos. Posee acci\u00f3n bactericida, virucida, funguicida, amebicida. Es desinfectante, elimina microorganismos pat\u00f3genos, bacterias algas, hongos, par\u00e1sitos. Quita la dureza del agua \u2013formaci\u00f3n de sarro-.<\/p>\n<p>\t\t\t\t\t\t\t\t\t\t<img width=\"500\" height=\"500\" src=\"http:\/\/filtros-paraagua.com.ar\/wp-content\/uploads\/2021\/02\/Diseno-sin-titulo-1.png\" alt=\"\" decoding=\"async\" loading=\"lazy\" srcset=\"https:\/\/filtros-paraagua.com.ar\/wp-content\/uploads\/2021\/02\/Diseno-sin-titulo-1.png 500w, https:\/\/filtros-paraagua.com.ar\/wp-content\/uploads\/2021\/02\/Diseno-sin-titulo-1-300x300.png 300w, https:\/\/filtros-paraagua.com.ar\/wp-content\/uploads\/2021\/02\/Diseno-sin-titulo-1-150x150.png 150w\" sizes=\"auto, (max-width: 500px) 100vw, 500px\" \/><br \/>\n\t\t\t\t\t\t\t\t\t\t<img width=\"500\" height=\"500\" src=\"http:\/\/filtros-paraagua.com.ar\/wp-content\/uploads\/2021\/02\/23.png\" alt=\"\" decoding=\"async\" loading=\"lazy\" srcset=\"https:\/\/filtros-paraagua.com.ar\/wp-content\/uploads\/2021\/02\/23.png 500w, https:\/\/filtros-paraagua.com.ar\/wp-content\/uploads\/2021\/02\/23-300x300.png 300w, https:\/\/filtros-paraagua.com.ar\/wp-content\/uploads\/2021\/02\/23-150x150.png 150w\" sizes=\"auto, (max-width: 500px) 100vw, 500px\" \/>\t\t\t\t\t\t\t\t\t\t\t<\/p>\n<p>Para asegurar la desinfecci\u00f3n del filtro es recomendable preclorar el agua. La cloraci\u00f3n del Agua con hipoclorito de sodio, (agua lavandina concentrada de primera calidad ) -es necesaria en todos los casos. No ocasiona perjuicios en las dosis recomendables (Evitar sobre cloraci\u00f3n).<br \/>Para mayor seguridad del usuario del agua, y a fin de mantener desinfectado el filtro mismo, es recomendable pre clorar el agua antes de su filtrado.- Especialmente el agua de pozo, de Rio, la de red ya posee (su dosis debe ser inferior).<\/p>\n<p>\t\t\t\t\t\t\t\t\t\t<img width=\"675\" height=\"325\" src=\"http:\/\/filtros-paraagua.com.ar\/wp-content\/uploads\/2021\/02\/Diseno-sin-titulo-1-1.png\" alt=\"\" decoding=\"async\" loading=\"lazy\" srcset=\"https:\/\/filtros-paraagua.com.ar\/wp-content\/uploads\/2021\/02\/Diseno-sin-titulo-1-1.png 675w, https:\/\/filtros-paraagua.com.ar\/wp-content\/uploads\/2021\/02\/Diseno-sin-titulo-1-1-300x144.png 300w\" sizes=\"auto, (max-width: 675px) 100vw, 675px\" \/>\t\t\t\t\t\t\t\t\t\t\t<\/p>\n<h3>LIMPIEZA DEL FILTRO<\/h3>\n<p>Su uso correcto:<\/p>\n<p>Cada 10 a 15 d\u00edas aproximadamente se har\u00e1 un lavado del FILTRO \u201cAGUADA\u201d con cepillo pl\u00e1stico SUAVE, o cepillo de u\u00f1as, para desobturar los poros superficiales de la pared del filtro. Para asegurar su higiene llenar el filtro con agua , agregar 3 a 4 gotas de lavandina en su interior, para desinfectar. Ello impedir\u00e1 que se formen algas en sus paredes.<\/p>\n<p>Esta agua se desechar\u00e1 y observaremos cuando lo carguemos nuevamente, que la velocidad del filtrado vuelve a ser m\u00e1s r\u00e1pido. El filtro cuando est\u00e9 lleno filtrar\u00e1 m\u00e1s r\u00e1pido que cuando se vaya vaciando, por descenso de la presi\u00f3n hidrost\u00e1tica.<\/p>\n<h2>Duraci\u00f3n de filtro<\/h2>\n<p>El Filtro \u201cAGUADA\u201d durar\u00e1 a\u00f1os, s\u00f3lo puede arruinarlo un golpe o maltrato.<br \/>En caso de quebrarlo no se puede pegar<\/p>\n<figure><img decoding=\"async\" src=\"http:\/\/filtros-paraagua.com.ar\/wp-content\/uploads\/2021\/02\/1-1.png\" alt=\"1\" \/><\/figure>\n<figure><img decoding=\"async\" src=\"http:\/\/filtros-paraagua.com.ar\/wp-content\/uploads\/2021\/02\/2.png\" alt=\"2\" \/><\/figure>\n<figure><img decoding=\"async\" src=\"http:\/\/filtros-paraagua.com.ar\/wp-content\/uploads\/2021\/02\/3-1.png\" alt=\"3\" \/><\/figure>\n<figure><img decoding=\"async\" src=\"http:\/\/filtros-paraagua.com.ar\/wp-content\/uploads\/2021\/02\/4.png\" alt=\"4\" \/><\/figure>\n<figure><img decoding=\"async\" src=\"http:\/\/filtros-paraagua.com.ar\/wp-content\/uploads\/2021\/02\/5.png\" alt=\"5\" \/><\/figure>\n<figure><img decoding=\"async\" src=\"http:\/\/filtros-paraagua.com.ar\/wp-content\/uploads\/2021\/02\/6.png\" alt=\"6\" \/><\/figure>\n<h2>CONTACTANOS<\/h2>\n<ul>\n<li>\n\t\t\t\t\t\t\t\t\t\t (011) 4451-0497\n\t\t\t\t\t\t\t\t\t<\/li>\n<li>\n\t\t\t\t\t<a href=\"https:\/\/wa.link\/t2umer\"><br \/>\n\t\t\t\t\t\t\t\t\t\t+549 11 3078 3330<br \/>\n\t\t\t\t\t\t\t\t\t\t\t<\/a>\n\t\t\t\t\t\t\t\t\t<\/li>\n<li>\n\t\t\t\t\t<a href=\"http:\/\/info@filtros-paraagua.com.ar\"><br \/>\n\t\t\t\t\t\t\t\t\t\tinfo@filtros-paraagua.com.ar<br \/>\n\t\t\t\t\t\t\t\t\t\t\t<\/a>\n\t\t\t\t\t\t\t\t\t<\/li>\n<li>\n\t\t\t\t\t<a href=\"http:\/\/info@filtros-paraagua.com.ar\"><br \/>\n\t\t\t\t\t\t\t\t\t\tAv. Balb\u00edn 2600 a 1 cuadra de Av.Gaspar Campos  Ecomuseo Ninsei San Miguel, Buenos Aires &#8211; Argentina<br \/>\n\t\t\t\t\t\t\t\t\t\t\t<\/a>\n\t\t\t\t\t\t\t\t\t<\/li>\n<\/ul>\n<h2>Envianos tu consulta <\/h2>\n<p>\t\t\t<iframe frameborder=\"0\" scrolling=\"no\" marginheight=\"0\" marginwidth=\"0\" src=\"https:\/\/maps.google.com\/maps?q=Av.%20Balb%C3%ADn%202600%20san%20miguel&amp;t=m&amp;z=13&amp;output=embed&amp;iwloc=near\" title=\"Av. Balb\u00edn 2600 san miguel\" aria-label=\"Av. Balb\u00edn 2600 san miguel\"><\/iframe><\/p>\n","protected":false},"excerpt":{"rendered":"<p>FILTRO para AGUA de CER\u00c1MICA \u00abAGUADA\u00bb potabiliza el Agua El FILTRO CER\u00c1MICO cumple la finalidad de lograr Agua potable.El mismo consiste en una unidad filtrante de cer\u00e1mica micro-porosa. Esta caracter\u00edstica retiene\u00a0sustancias indeseables\u00a0en el agua.Es parte del proceso de optimizaci\u00f3n del Agua de rio, de pozo o de red el Pre-Tratamiento del Agua.ES un m\u00e9todo para [&hellip;]<\/p>\n","protected":false},"author":1,"featured_media":0,"parent":0,"menu_order":0,"comment_status":"closed","ping_status":"closed","template":"","meta":{"site-sidebar-layout":"no-sidebar","site-content-layout":"page-builder","ast-site-content-layout":"default","site-content-style":"default","site-sidebar-style":"default","ast-global-header-display":"","ast-banner-title-visibility":"","ast-main-header-display":"","ast-hfb-above-header-display":"","ast-hfb-below-header-display":"","ast-hfb-mobile-header-display":"","site-post-title":"disabled","ast-breadcrumbs-content":"","ast-featured-img":"disabled","footer-sml-layout":"disabled","ast-disable-related-posts":"","theme-transparent-header-meta":"default","adv-header-id-meta":"","stick-header-meta":"","header-above-stick-meta":"","header-main-stick-meta":"","header-below-stick-meta":"","astra-migrate-meta-layouts":"default","ast-page-background-enabled":"default","ast-page-background-meta":{"desktop":{"background-color":"var(--ast-global-color-4)","background-image":"","background-repeat":"repeat","background-position":"center center","background-size":"auto","background-attachment":"scroll","background-type":"","background-media":"","overlay-type":"","overlay-color":"","overlay-opacity":"","overlay-gradient":""},"tablet":{"background-color":"","background-image":"","background-repeat":"repeat","background-position":"center center","background-size":"auto","background-attachment":"scroll","background-type":"","background-media":"","overlay-type":"","overlay-color":"","overlay-opacity":"","overlay-gradient":""},"mobile":{"background-color":"","background-image":"","background-repeat":"repeat","background-position":"center center","background-size":"auto","background-attachment":"scroll","background-type":"","background-media":"","overlay-type":"","overlay-color":"","overlay-opacity":"","overlay-gradient":""}},"ast-content-background-meta":{"desktop":{"background-color":"var(--ast-global-color-5)","background-image":"","background-repeat":"repeat","background-position":"center center","background-size":"auto","background-attachment":"scroll","background-type":"","background-media":"","overlay-type":"","overlay-color":"","overlay-opacity":"","overlay-gradient":""},"tablet":{"background-color":"var(--ast-global-color-5)","background-image":"","background-repeat":"repeat","background-position":"center center","background-size":"auto","background-attachment":"scroll","background-type":"","background-media":"","overlay-type":"","overlay-color":"","overlay-opacity":"","overlay-gradient":""},"mobile":{"background-color":"var(--ast-global-color-5)","background-image":"","background-repeat":"repeat","background-position":"center center","background-size":"auto","background-attachment":"scroll","background-type":"","background-media":"","overlay-type":"","overlay-color":"","overlay-opacity":"","overlay-gradient":""}},"_joinchat":[],"footnotes":""},"class_list":["post-120","page","type-page","status-publish","hentry"],"_links":{"self":[{"href":"https:\/\/filtros-paraagua.com.ar\/index.php\/wp-json\/wp\/v2\/pages\/120","targetHints":{"allow":["GET"]}}],"collection":[{"href":"https:\/\/filtros-paraagua.com.ar\/index.php\/wp-json\/wp\/v2\/pages"}],"about":[{"href":"https:\/\/filtros-paraagua.com.ar\/index.php\/wp-json\/wp\/v2\/types\/page"}],"author":[{"embeddable":true,"href":"https:\/\/filtros-paraagua.com.ar\/index.php\/wp-json\/wp\/v2\/users\/1"}],"replies":[{"embeddable":true,"href":"https:\/\/filtros-paraagua.com.ar\/index.php\/wp-json\/wp\/v2\/comments?post=120"}],"version-history":[{"count":44,"href":"https:\/\/filtros-paraagua.com.ar\/index.php\/wp-json\/wp\/v2\/pages\/120\/revisions"}],"predecessor-version":[{"id":458,"href":"https:\/\/filtros-paraagua.com.ar\/index.php\/wp-json\/wp\/v2\/pages\/120\/revisions\/458"}],"wp:attachment":[{"href":"https:\/\/filtros-paraagua.com.ar\/index.php\/wp-json\/wp\/v2\/media?parent=120"}],"curies":[{"name":"wp","href":"https:\/\/api.w.org\/{rel}","templated":true}]}}